{"id":513,"date":"2020-11-16T10:21:42","date_gmt":"2020-11-16T09:21:42","guid":{"rendered":"https:\/\/soltango.com\/media\/"},"modified":"2021-01-24T21:48:42","modified_gmt":"2021-01-24T20:48:42","slug":"media","status":"publish","type":"page","link":"https:\/\/soltango.com\/de\/media\/","title":{"rendered":"Media"},"content":{"rendered":"<div id=\"cs-content\" class=\"cs-content\"><\/div>\n","protected":false},"excerpt":{"rendered":"<p>Schon nach dem ersten St\u00fcck hatte das Cuarteto SolTango die Zuschauer f\u00fcr sich eingenommen. Restlos. Der Funke war \u00fcbergesprungen, kaum dass die vier begonnen hatten. Denn bei diesem Quartett stimmte alles. Da verschmolzen vier hervorragende Solisten zu einer Einheit, die perfekt harmonierte. Mittelbadische Presse, 14.01.2019MISI\u00d3N TANGO (Teaser)Cuarteto SolTangoCuarteto SolTango &#8211; Si Sos Brujo (in the style of Francini &#8211; Pontier)Cuarteto &#8230; <\/p>\n<div><a href=\"https:\/\/soltango.com\/de\/media\/\" class=\"more-link\">Read More<\/a><\/div>\n","protected":false},"author":1,"featured_media":0,"parent":0,"menu_order":0,"comment_status":"closed","ping_status":"closed","template":"template-blank-4.php","meta":{"footnotes":""},"_links":{"self":[{"href":"https:\/\/soltango.com\/de\/wp-json\/wp\/v2\/pages\/513"}],"collection":[{"href":"https:\/\/soltango.com\/de\/wp-json\/wp\/v2\/pages"}],"about":[{"href":"https:\/\/soltango.com\/de\/wp-json\/wp\/v2\/types\/page"}],"author":[{"embeddable":true,"href":"https:\/\/soltango.com\/de\/wp-json\/wp\/v2\/users\/1"}],"replies":[{"embeddable":true,"href":"https:\/\/soltango.com\/de\/wp-json\/wp\/v2\/comments?post=513"}],"version-history":[{"count":2,"href":"https:\/\/soltango.com\/de\/wp-json\/wp\/v2\/pages\/513\/revisions"}],"predecessor-version":[{"id":516,"href":"https:\/\/soltango.com\/de\/wp-json\/wp\/v2\/pages\/513\/revisions\/516"}],"wp:attachment":[{"href":"https:\/\/soltango.com\/de\/wp-json\/wp\/v2\/media?parent=513"}],"curies":[{"name":"wp","href":"https:\/\/api.w.org\/{rel}","templated":true}]}}