{"id":504,"date":"2020-11-16T10:20:35","date_gmt":"2020-11-16T09:20:35","guid":{"rendered":"https:\/\/soltango.com\/discography\/"},"modified":"2024-05-09T11:41:10","modified_gmt":"2024-05-09T10:41:10","slug":"discography","status":"publish","type":"page","link":"https:\/\/soltango.com\/de\/discography\/","title":{"rendered":"Discography"},"content":{"rendered":"<div id=\"cs-content\" class=\"cs-content\"><div class=\"x-section e504-e1 me0-0 me0-1 me0-2\"><div class=\"x-row x-container max width e504-e2 me0-6 me0-7 me0-a me0-b\"><div class=\"x-row-inner\"><div class=\"x-col e504-e3 me0-j me0-k me0-l\"><span class=\"x-image e504-e4 me0-q me0-r\"><img decoding=\"async\" src=\"https:\/\/soltango.com\/wp-content\/uploads\/2021\/02\/SolTango_MisionTango.jpg\" width=\"708\" height=\"708\" alt=\"Image\" loading=\"lazy\"><\/span><\/div><div class=\"x-col e504-e5 me0-j me0-m me0-n\"><div class=\"x-text x-content e504-e6 me0-s me0-t me0-u me0-v me0-w\"><h3>Misi\u00f3n Tango<\/h3><\/div><div class=\"x-text x-content e504-e7 me0-u me0-w me0-x me0-y me0-z\"><strong>Erscheinungsdatum:<\/strong> \n16. April 2021<br>\n<strong>Label:<\/strong> CAvi<\/div><div class=\"x-text x-content e504-e8 me0-u me0-w me0-y me0-10 me0-11\">Thomas Reif - <i>violine<\/i><br>\nKarel Bredenhorst - <i>violoncello<\/i><br>\nAndreas Rokseth - <i>bandoneon<\/i><br>\nMartin Klett - <i>klavier<\/i><\/div><div class=\"x-text x-content e504-e9 me0-u me0-v me0-w me0-y me0-11 me0-12\"><h6>Listen online \/ buy physical<\/h6><\/div><div class=\"x-row e504-e10 me0-6 me0-8 me0-9 me0-a me0-c\"><div class=\"x-row-inner\"><div class=\"x-col e504-e11 me0-j me0-k me0-o\"><a class=\"x-anchor x-anchor-button has-graphic e504-e12 me0-17\" tabindex=\"0\" href=\"https:\/\/open.spotify.com\/album\/1EdcwDGVBaqDjuB4HBRVdY?si=e3YKMr2YQumN13ei8Kedsg\" target=\"_blank\"><div class=\"x-anchor-content\"><span class=\"x-graphic\" aria-hidden=\"true\"><i class=\"x-icon x-graphic-child x-graphic-icon x-graphic-primary\" aria-hidden=\"true\" data-x-icon-b=\"&#xf1bc;\"><\/i><\/span><\/div><\/a><\/div><div class=\"x-col e504-e13 me0-j me0-k me0-o\"><a class=\"x-anchor x-anchor-button has-graphic e504-e14 me0-17\" tabindex=\"0\" href=\"https:\/\/music.apple.com\/us\/album\/misi%C3%B3n-tango\/1560977788\" target=\"_blank\"><div class=\"x-anchor-content\"><span class=\"x-graphic\" aria-hidden=\"true\"><i class=\"x-icon x-graphic-child x-graphic-icon x-graphic-primary\" aria-hidden=\"true\" data-x-icon-b=\"&#xf179;\"><\/i><\/span><\/div><\/a><\/div><div class=\"x-col x-hide-lg x-hide-md x-hide-sm x-hide-xl x-hide-xs e504-e15 me0-j me0-k me0-o\"><a class=\"x-anchor x-anchor-button has-graphic e504-e16 me0-17\" tabindex=\"0\" href=\"https:\/\/www.amazon.com\/-\/de\/dp\/B07LDCG9K2\/ref=tmm_acd_swatch_0?_encoding=UTF8&amp;qid=1611157490&amp;sr=1-1\" target=\"_blank\"><div class=\"x-anchor-content\"><span class=\"x-graphic\" aria-hidden=\"true\"><i class=\"x-icon x-graphic-child x-graphic-icon x-graphic-primary\" aria-hidden=\"true\" data-x-icon-b=\"&#xf270;\"><\/i><\/span><\/div><\/a><\/div><div class=\"x-col x-hide-lg x-hide-md x-hide-sm x-hide-xl x-hide-xs e504-e17 me0-j me0-k\"><a class=\"x-anchor x-anchor-button has-graphic e504-e18 me0-17\" tabindex=\"0\" href=\"https:\/\/www.amazon.com\/-\/de\/dp\/B07LDCG9K2\/ref=tmm_acd_swatch_0?_encoding=UTF8&amp;qid=1611157490&amp;sr=1-1\" target=\"_blank\"><div class=\"x-anchor-content\"><span class=\"x-graphic\" aria-hidden=\"true\"><i class=\"x-icon x-graphic-child x-graphic-icon x-graphic-primary\" aria-hidden=\"true\" data-x-icon-s=\"&#xf217;\"><\/i><\/span><\/div><\/a><\/div><\/div><\/div><\/div><div class=\"x-col x-hide-md x-hide-sm x-hide-xs e504-e19 me0-j me0-m me0-p\"><div class=\"x-text x-content e504-e20 me0-u me0-v me0-x me0-y\"><iframe allow=\"autoplay *; encrypted-media *;\" frameborder=\"0\" height=\"450\" style=\"width:100%;max-width:660px;overflow:hidden;background:transparent;\" sandbox=\"allow-forms allow-popups allow-same-origin allow-scripts allow-storage-access-by-user-activation allow-top-navigation-by-user-activation\" src=\"https:\/\/embed.music.apple.com\/no\/album\/misi%C3%B3n-tango\/1713155973\"><\/iframe><\/div><\/div><\/div><\/div><\/div><div class=\"x-section e504-e21 me0-0 me0-3\"><div class=\"x-row x-container max width e504-e22 me0-6 me0-7 me0-a me0-d\"><div class=\"x-row-inner\"><div class=\"x-col e504-e23 me0-j me0-k\"><span class=\"x-image e504-e24 me0-q\"><img decoding=\"async\" src=\"https:\/\/soltango.com\/wp-content\/uploads\/2020\/11\/Sin-palabras.jpg\" width=\"708\" height=\"708\" alt=\"Image\" loading=\"lazy\"><\/span><\/div><div class=\"x-col e504-e25 me0-j me0-k me0-o\"><div class=\"x-text x-content e504-e26 me0-s me0-u me0-v me0-w me0-13\"><h3>Sin Palabras<\/h3><\/div><div class=\"x-text x-content e504-e27 me0-u me0-x me0-y me0-z\"><strong>Erscheinungsdatum:<\/strong> 25. Januar 2019<br>\n<strong>Label: <\/strong>CAvi<\/div><div class=\"x-text x-content e504-e28 me0-u me0-y me0-10 me0-11\">Thomas Reif - <i>violine<\/i><br>\nKarel Bredenhorst - <i>violoncello<\/i><br>\nAndreas Rokseth - <i>bandoneon<\/i><br>\nMartin Klett - <i>klavier<\/i><\/div><div class=\"x-text x-content e504-e29 me0-u me0-v me0-w me0-y me0-11 me0-12\"><h6>Listen online \/ buy physical<\/h6><\/div><div class=\"x-row e504-e30 me0-6 me0-8 me0-9 me0-a me0-e\"><div class=\"x-row-inner\"><div class=\"x-col e504-e31 me0-j me0-k me0-o\"><a class=\"x-anchor x-anchor-button has-graphic e504-e32 me0-17\" tabindex=\"0\" href=\"https:\/\/open.spotify.com\/album\/7aI52g6mhpQTfaRl42Kryg?si=lLszqMuwSNyWJUaT0SVtHA\" target=\"_blank\"><div class=\"x-anchor-content\"><span class=\"x-graphic\" aria-hidden=\"true\"><i class=\"x-icon x-graphic-child x-graphic-icon x-graphic-primary\" aria-hidden=\"true\" data-x-icon-b=\"&#xf1bc;\"><\/i><\/span><\/div><\/a><\/div><div class=\"x-col e504-e33 me0-j me0-k me0-o\"><a class=\"x-anchor x-anchor-button has-graphic e504-e34 me0-17\" tabindex=\"0\" href=\"https:\/\/music.apple.com\/us\/album\/sin-palabras\/1449737348\" target=\"_blank\"><div class=\"x-anchor-content\"><span class=\"x-graphic\" aria-hidden=\"true\"><i class=\"x-icon x-graphic-child x-graphic-icon x-graphic-primary\" aria-hidden=\"true\" data-x-icon-b=\"&#xf179;\"><\/i><\/span><\/div><\/a><\/div><div class=\"x-col e504-e35 me0-j me0-k me0-o\"><a class=\"x-anchor x-anchor-button has-graphic e504-e36 me0-17\" tabindex=\"0\" href=\"https:\/\/www.amazon.com\/-\/de\/dp\/B07LDCG9K2\/ref=tmm_acd_swatch_0?_encoding=UTF8&amp;qid=1611157490&amp;sr=1-1\" target=\"_blank\"><div class=\"x-anchor-content\"><span class=\"x-graphic\" aria-hidden=\"true\"><i class=\"x-icon x-graphic-child x-graphic-icon x-graphic-primary\" aria-hidden=\"true\" data-x-icon-b=\"&#xf270;\"><\/i><\/span><\/div><\/a><\/div><div class=\"x-col e504-e37 me0-j me0-k\"><a class=\"x-anchor x-anchor-button has-graphic e504-e38 me0-17\" tabindex=\"0\" href=\"https:\/\/www.amazon.com\/-\/de\/dp\/B07LDCG9K2\/ref=tmm_acd_swatch_0?_encoding=UTF8&amp;qid=1611157490&amp;sr=1-1\" target=\"_blank\"><div class=\"x-anchor-content\"><span class=\"x-graphic\" aria-hidden=\"true\"><i class=\"x-icon x-graphic-child x-graphic-icon x-graphic-primary\" aria-hidden=\"true\" data-x-icon-s=\"&#xf217;\"><\/i><\/span><\/div><\/a><\/div><\/div><\/div><\/div><div class=\"x-col x-hide-md x-hide-sm x-hide-xs e504-e39 me0-j me0-m me0-p\"><div class=\"x-text x-content e504-e40 me0-u me0-v me0-x me0-y\"><iframe allow=\"autoplay *; encrypted-media *;\" frameborder=\"0\" height=\"450\" style=\"width:100%;max-width:660px;overflow:hidden;background:transparent;\" sandbox=\"allow-forms allow-popups allow-same-origin allow-scripts allow-storage-access-by-user-activation allow-top-navigation-by-user-activation\" src=\"https:\/\/embed.music.apple.com\/no\/album\/sin-palabras\/1713157714\"><\/iframe><\/div><\/div><\/div><\/div><\/div><div class=\"x-section e504-e41 me0-0 me0-1 me0-4\"><div class=\"x-row x-container max width e504-e42 me0-6 me0-7 me0-a me0-f\"><div class=\"x-row-inner\"><div class=\"x-col e504-e43 me0-j me0-k\"><span class=\"x-image e504-e44 me0-q\"><img decoding=\"async\" src=\"https:\/\/soltango.com\/wp-content\/uploads\/2020\/11\/Cristal-soltango.jpg\" width=\"1200\" height=\"1200\" alt=\"Image\" loading=\"lazy\"><\/span><\/div><div class=\"x-col e504-e45 me0-j me0-m me0-n\"><div class=\"x-text x-content e504-e46 me0-s me0-u me0-v me0-w me0-14\"><h3>Cristal<\/h3><\/div><div class=\"x-text x-content e504-e47 me0-u me0-w me0-x me0-y me0-z\"><strong>Erscheinungsdatum:<\/strong> 17. April 2015<br>\n<strong>Label: <\/strong>CAvi<\/div><div class=\"x-text x-content e504-e48 me0-u me0-w me0-y me0-10 me0-11\">Sophie Heinrich - <I>violine<\/i><br>\nKarel Bredenhorst - <i>violoncello<\/i><br>\nRocco Heins - <i>bandoneon<\/i><br>\nMartin Klett - <i>klavier<i\/><\/div><div class=\"x-text x-content e504-e49 me0-u me0-v me0-w me0-y me0-11 me0-12\"><h6>Listen online \/ buy physical<\/h6><\/div><div class=\"x-row e504-e50 me0-6 me0-7 me0-9 me0-a me0-g\"><div class=\"x-row-inner\"><div class=\"x-col e504-e51 me0-j me0-k me0-o\"><a class=\"x-anchor x-anchor-button has-graphic e504-e52 me0-17\" tabindex=\"0\" href=\"https:\/\/open.spotify.com\/album\/1tRkMqwYhBVYUK19eXh594?si=URJt6OI2R8mjTMiQx6Sa7w\" target=\"_blank\"><div class=\"x-anchor-content\"><span class=\"x-graphic\" aria-hidden=\"true\"><i class=\"x-icon x-graphic-child x-graphic-icon x-graphic-primary\" aria-hidden=\"true\" data-x-icon-b=\"&#xf1bc;\"><\/i><\/span><\/div><\/a><\/div><div class=\"x-col e504-e53 me0-j me0-k me0-o\"><a class=\"x-anchor x-anchor-button has-graphic e504-e54 me0-17\" tabindex=\"0\" href=\"https:\/\/music.apple.com\/us\/album\/cristal\/988422069\" target=\"_blank\"><div class=\"x-anchor-content\"><span class=\"x-graphic\" aria-hidden=\"true\"><i class=\"x-icon x-graphic-child x-graphic-icon x-graphic-primary\" aria-hidden=\"true\" data-x-icon-b=\"&#xf179;\"><\/i><\/span><\/div><\/a><\/div><div class=\"x-col e504-e55 me0-j me0-k me0-o\"><a class=\"x-anchor x-anchor-button has-graphic e504-e56 me0-17\" tabindex=\"0\" href=\"https:\/\/www.amazon.com\/-\/de\/dp\/B00WJ06OEU\/ref=tmm_msc_swatch_0?_encoding=UTF8&amp;qid=&amp;sr=\"><div class=\"x-anchor-content\"><span class=\"x-graphic\" aria-hidden=\"true\"><i class=\"x-icon x-graphic-child x-graphic-icon x-graphic-primary\" aria-hidden=\"true\" data-x-icon-b=\"&#xf270;\"><\/i><\/span><\/div><\/a><\/div><div class=\"x-col e504-e57 me0-j me0-k\"><a class=\"x-anchor x-anchor-button has-graphic e504-e58 me0-17\" tabindex=\"0\" href=\"https:\/\/www.jpc.de\/jpcng\/classic\/detail\/-\/art\/cuarteto-soltango\/hnum\/7215384?iampartner=spon6&amp;awc=150&amp;awa=1261&amp;gclid=CjwKCAiAxp-ABhALEiwAXm6IyeJceovo5UQc0j0aNDjn3DmicgDaoNEv6ubE_pJaDUg2JMnBQL0fkhoCmzAQAvD_BwE\" target=\"_blank\"><div class=\"x-anchor-content\"><span class=\"x-graphic\" aria-hidden=\"true\"><i class=\"x-icon x-graphic-child x-graphic-icon x-graphic-primary\" aria-hidden=\"true\" data-x-icon-s=\"&#xf217;\"><\/i><\/span><\/div><\/a><\/div><\/div><\/div><\/div><div class=\"x-col x-hide-md x-hide-sm x-hide-xs e504-e59 me0-j me0-k\"><div class=\"x-text x-content e504-e60 me0-u me0-v me0-x me0-y\"><iframe allow=\"autoplay *; encrypted-media *;\" frameborder=\"0\" height=\"450\" style=\"width:100%;max-width:660px;overflow:hidden;background:transparent;\" sandbox=\"allow-forms allow-popups allow-same-origin allow-scripts allow-storage-access-by-user-activation allow-top-navigation-by-user-activation\" src=\"https:\/\/embed.music.apple.com\/no\/album\/cristal\/1712914379\"><\/iframe><\/div><\/div><\/div><\/div><\/div><div class=\"x-section e504-e61 me0-0 me0-1 me0-5\"><div class=\"x-row x-container max width e504-e62 me0-6 me0-7 me0-a me0-h\"><div class=\"x-row-inner\"><div class=\"x-col e504-e63 me0-j me0-k me0-o\"><span class=\"x-image e504-e64 me0-q\"><img decoding=\"async\" src=\"https:\/\/soltango.com\/wp-content\/uploads\/2021\/01\/Tango-extreme.jpg\" width=\"593\" height=\"590\" alt=\"Image\" loading=\"lazy\"><\/span><\/div><div class=\"x-col e504-e65 me0-j me0-m me0-n\"><div class=\"x-text x-content e504-e66 me0-s me0-u me0-v me0-w me0-15\"><h3>Tango Extreme<\/h3><\/div><div class=\"x-text x-content e504-e67 me0-u me0-w me0-y me0-10 me0-11\">Azadeh Maghsoodi - <I>violine<\/i><br>\nKarel Bredenhorst - <i>violoncello<\/i><br>\nRocco Heins - <i>bandoneon<\/i><br>\nMartin Klett - <i>klavier<i\/><\/div><div class=\"x-text x-content e504-e68 me0-u me0-v me0-w me0-y me0-11 me0-16\"><h6><a href=\"https:\/\/open.spotify.com\/album\/6DIxIxGFCqC6Dv4dDeB9DP\">Listen online<\/a><\/h6><\/div><div class=\"x-row e504-e69 me0-6 me0-7 me0-9 me0-a me0-i\"><div class=\"x-row-inner\"><div class=\"x-col e504-e70 me0-j me0-k me0-o\"><a class=\"x-anchor x-anchor-button has-graphic e504-e71 me0-17\" tabindex=\"0\" href=\"https:\/\/open.spotify.com\/album\/6DIxIxGFCqC6Dv4dDeB9DP?si=43bGD5HhSHmvbUhZkzMjTg\" target=\"_blank\"><div class=\"x-anchor-content\"><span class=\"x-graphic\" aria-hidden=\"true\"><i class=\"x-icon x-graphic-child x-graphic-icon x-graphic-primary\" aria-hidden=\"true\" data-x-icon-b=\"&#xf1bc;\"><\/i><\/span><\/div><\/a><\/div><div class=\"x-col e504-e72 me0-j me0-k me0-o\"><a class=\"x-anchor x-anchor-button has-graphic e504-e73 me0-17\" tabindex=\"0\" href=\"https:\/\/music.apple.com\/us\/album\/tango-extreme\/459768630\" target=\"_blank\"><div class=\"x-anchor-content\"><span class=\"x-graphic\" aria-hidden=\"true\"><i class=\"x-icon x-graphic-child x-graphic-icon x-graphic-primary\" aria-hidden=\"true\" data-x-icon-b=\"&#xf179;\"><\/i><\/span><\/div><\/a><\/div><div class=\"x-col e504-e74 me0-j me0-k me0-o\"><a class=\"x-anchor x-anchor-button has-graphic e504-e75 me0-17\" tabindex=\"0\" href=\"https:\/\/www.amazon.com\/-\/de\/dp\/B005KR2HV8\/ref=sr_1_1?__mk_de_DE=\u00c5M\u00c5\u017d\u00d5\u00d1&amp;dchild=1&amp;keywords=Tango+extreme+SolTango&amp;qid=1611157525&amp;s=music&amp;sr=1-1\" target=\"_blank\"><div class=\"x-anchor-content\"><span class=\"x-graphic\" aria-hidden=\"true\"><i class=\"x-icon x-graphic-child x-graphic-icon x-graphic-primary\" aria-hidden=\"true\" data-x-icon-b=\"&#xf270;\"><\/i><\/span><\/div><\/a><\/div><\/div><\/div><\/div><div class=\"x-col x-hide-md x-hide-sm x-hide-xs e504-e76 me0-j me0-k\"><div class=\"x-text x-content e504-e77 me0-u me0-v me0-x me0-y\"><iframe allow=\"autoplay *; encrypted-media *; fullscreen *\" frameborder=\"0\" height=\"385\" style=\"width:100%;max-width:660px;overflow:hidden;background:transparent;\" sandbox=\"allow-forms allow-popups allow-same-origin allow-scripts allow-storage-access-by-user-activation allow-top-navigation-by-user-activation\" src=\"https:\/\/embed.music.apple.com\/us\/album\/tango-extreme\/459768630\"><\/iframe><\/div><\/div><\/div><\/div><\/div><\/div>\n","protected":false},"excerpt":{"rendered":"<p>Misi\u00f3n TangoErscheinungsdatum: 16. April 2021 Label: CAviThomas Reif &#8211; violine Karel Bredenhorst &#8211; violoncello Andreas Rokseth &#8211; bandoneon Martin Klett &#8211; klavierListen online \/ buy physicalSin PalabrasErscheinungsdatum: 25. Januar 2019 Label: CAviThomas Reif &#8211; violine Karel Bredenhorst &#8211; violoncello Andreas Rokseth &#8211; bandoneon Martin Klett &#8211; klavierListen online \/ buy physicalCristalErscheinungsdatum: 17. April 2015 Label: CAviSophie Heinrich &#8211; violine Karel &#8230; <\/p>\n<div><a href=\"https:\/\/soltango.com\/de\/discography\/\" class=\"more-link\">Read More<\/a><\/div>\n","protected":false},"author":1,"featured_media":0,"parent":0,"menu_order":0,"comment_status":"closed","ping_status":"closed","template":"template-blank-4.php","meta":{"footnotes":""},"_links":{"self":[{"href":"https:\/\/soltango.com\/de\/wp-json\/wp\/v2\/pages\/504"}],"collection":[{"href":"https:\/\/soltango.com\/de\/wp-json\/wp\/v2\/pages"}],"about":[{"href":"https:\/\/soltango.com\/de\/wp-json\/wp\/v2\/types\/page"}],"author":[{"embeddable":true,"href":"https:\/\/soltango.com\/de\/wp-json\/wp\/v2\/users\/1"}],"replies":[{"embeddable":true,"href":"https:\/\/soltango.com\/de\/wp-json\/wp\/v2\/comments?post=504"}],"version-history":[{"count":11,"href":"https:\/\/soltango.com\/de\/wp-json\/wp\/v2\/pages\/504\/revisions"}],"predecessor-version":[{"id":669,"href":"https:\/\/soltango.com\/de\/wp-json\/wp\/v2\/pages\/504\/revisions\/669"}],"wp:attachment":[{"href":"https:\/\/soltango.com\/de\/wp-json\/wp\/v2\/media?parent=504"}],"curies":[{"name":"wp","href":"https:\/\/api.w.org\/{rel}","templated":true}]}}